{"id":12214,"date":"2024-10-07T14:44:22","date_gmt":"2024-10-07T14:44:22","guid":{"rendered":"https:\/\/fasttrade.cloud\/?page_id=12214"},"modified":"2025-03-21T11:01:58","modified_gmt":"2025-03-21T11:01:58","slug":"region","status":"publish","type":"page","link":"https:\/\/fasttrade.cloud\/es\/region\/","title":{"rendered":"Region"},"content":{"rendered":"<div data-elementor-type=\"wp-page\" data-elementor-id=\"12214\" class=\"elementor elementor-12214\">\n\t\t\t\t\t\t<section class=\"elementor-section elementor-top-section elementor-element elementor-element-404e8bf elementor-section-full_width elementor-section-height-default elementor-section-height-default\" data-id=\"404e8bf\" data-element_type=\"section\" data-settings=\"{&quot;background_background&quot;:&quot;classic&quot;}\">\n\t\t\t\t\t\t<div class=\"elementor-container elementor-column-gap-no\">\n\t\t\t\t\t<div class=\"elementor-column elementor-col-100 elementor-top-column elementor-element elementor-element-96d967a\" data-id=\"96d967a\" data-element_type=\"column\">\n\t\t\t<div class=\"elementor-widget-wrap elementor-element-populated\">\n\t\t\t\t\t\t<div class=\"elementor-element elementor-element-22854eb elementor-widget elementor-widget-slider_revolution\" data-id=\"22854eb\" data-element_type=\"widget\" data-widget_type=\"slider_revolution.default\">\n\t\t\t\t<div class=\"elementor-widget-container\">\n\t\t\t\n\t\t<div class=\"wp-block-themepunch-revslider\">\n\t\t\t<!-- START region REVOLUTION SLIDER 6.7.10 --><p class=\"rs-p-wp-fix\"><\/p>\n\t\t\t<rs-module-wrap id=\"rev_slider_11_1_wrapper\" data-source=\"gallery\" style=\"visibility:hidden;background:transparent;padding:0;margin:0px auto;margin-top:0;margin-bottom:0;\">\n\t\t\t\t<rs-module id=\"rev_slider_11_1\" style=\"\" data-version=\"6.7.10\">\n\t\t\t\t\t<rs-slides style=\"overflow: hidden; position: absolute;\">\n\t\t\t\t\t\t<rs-slide style=\"position: absolute;\" data-key=\"rs-25\" data-title=\"Slide\" data-in=\"o:0;\" data-out=\"a:false;\">\n\t\t\t\t\t\t\t<img fetchpriority=\"high\" decoding=\"async\" src=\"\/\/fasttrade.cloud\/wp-content\/plugins\/revslider\/sr6\/assets\/assets\/dummy.png\" alt=\"\" title=\"region\" width=\"1920\" height=\"826\" class=\"rev-slidebg tp-rs-img rs-lazyload\" data-lazyload=\"\/\/fasttrade.cloud\/wp-content\/uploads\/2024\/10\/region.jpg\" data-panzoom=\"d:10000;ss:100;se:105%;os:20px\/-20px;oe:30px\/-30px;\" data-no-retina>\n<!--\n\t\t\t\t\t\t\t--><rs-layer\n\t\t\t\t\t\t\t\tid=\"slider-11-slide-25-layer-1\" \n\t\t\t\t\t\t\t\tdata-type=\"text\"\n\t\t\t\t\t\t\t\tdata-xy=\"x:c;y:m;\"\n\t\t\t\t\t\t\t\tdata-text=\"w:normal;s:70,70,70,40;l:70;a:center;\"\n\t\t\t\t\t\t\t\tdata-rsp_o=\"off\"\n\t\t\t\t\t\t\t\tdata-rsp_bd=\"off\"\n\t\t\t\t\t\t\t\tdata-frame_999=\"o:0;st:w;\"\n\t\t\t\t\t\t\t\tstyle=\"z-index:6;font-family:'Comfortaa';\"\n\t\t\t\t\t\t\t>Region \n\t\t\t\t\t\t\t<\/rs-layer><!--\n-->\t\t\t\t\t<\/rs-slide>\n\t\t\t\t\t<\/rs-slides>\n\t\t\t\t<\/rs-module>\n\t\t\t\t<script>\n\t\t\t\t\tsetREVStartSize({c: 'rev_slider_11_1',rl:[1240,1024,778,480],el:[735,645,645,300],gw:[1920,1100,600,300],gh:[735,645,645,300],type:'standard',justify:'',layout:'fullwidth',mh:\"0\"});if (window.RS_MODULES!==undefined && window.RS_MODULES.modules!==undefined && window.RS_MODULES.modules[\"revslider111\"]!==undefined) {window.RS_MODULES.modules[\"revslider111\"].once = false;window.revapi11 = undefined;if (window.RS_MODULES.checkMinimal!==undefined) window.RS_MODULES.checkMinimal()}\n\t\t\t\t<\/script>\n\t\t\t<\/rs-module-wrap>\n\t\t\t<!-- END REVOLUTION SLIDER -->\n<\/div>\n\n\t\t\t\t<\/div>\n\t\t\t\t<\/div>\n\t\t\t\t\t<\/div>\n\t\t<\/div>\n\t\t\t\t\t<\/div>\n\t\t<\/section>\n\t\t\t\t<section class=\"elementor-section elementor-top-section elementor-element elementor-element-791ba4e elementor-section-full_width elementor-section-height-min-height elementor-section-content-middle qodef-elementor-content-grid elementor-section-stretched elementor-section-height-default elementor-section-items-middle\" data-id=\"791ba4e\" data-element_type=\"section\" data-settings=\"{&quot;background_background&quot;:&quot;classic&quot;,&quot;stretch_section&quot;:&quot;section-stretched&quot;}\">\n\t\t\t\t\t\t<div class=\"elementor-container elementor-column-gap-no\">\n\t\t\t\t\t<div class=\"elementor-column elementor-col-100 elementor-top-column elementor-element elementor-element-7eb02a0\" data-id=\"7eb02a0\" data-element_type=\"column\">\n\t\t\t<div class=\"elementor-widget-wrap elementor-element-populated\">\n\t\t\t\t\t\t<div class=\"elementor-element elementor-element-7515eae elementor-widget elementor-widget-text-editor\" data-id=\"7515eae\" data-element_type=\"widget\" data-widget_type=\"text-editor.default\">\n\t\t\t\t<div class=\"elementor-widget-container\">\n\t\t\t\t\t\t\t<p style=\"text-align: center;\" class=\"translation-block\"><span style=\"font-weight: 400\">A trav\u00e9s de ubicaciones y centros  log\u00edsticos distribuidos estrat\u00e9gicamente, Fast Trade ha construido un sistema de ventas y distribuci\u00f3n que cubre toda Europa, los EAU, \u00c1frica y Extremo Oriente.\nUn modelo con el que Fast Trade garantiza la competitividad y un plazo de entrega perfecto.\n<\/span><\/p>\t\t\t\t\t\t<\/div>\n\t\t\t\t<\/div>\n\t\t\t\t\t<\/div>\n\t\t<\/div>\n\t\t\t\t\t<\/div>\n\t\t<\/section>\n\t\t\t\t<section class=\"elementor-section elementor-top-section elementor-element elementor-element-0745b29 elementor-section-full_width elementor-section-content-middle elementor-section-stretched elementor-section-height-default elementor-section-height-default\" data-id=\"0745b29\" data-element_type=\"section\" id=\"Europa\" data-settings=\"{&quot;background_background&quot;:&quot;classic&quot;,&quot;stretch_section&quot;:&quot;section-stretched&quot;}\">\n\t\t\t\t\t\t<div class=\"elementor-container elementor-column-gap-no\">\n\t\t\t\t\t<div class=\"elementor-column elementor-col-50 elementor-top-column elementor-element elementor-element-b6ec1f2\" data-id=\"b6ec1f2\" data-element_type=\"column\">\n\t\t\t<div class=\"elementor-widget-wrap elementor-element-populated\">\n\t\t\t\t\t\t<div class=\"elementor-element elementor-element-362475f elementor-widget elementor-widget-heading\" data-id=\"362475f\" data-element_type=\"widget\" data-widget_type=\"heading.default\">\n\t\t\t\t<div class=\"elementor-widget-container\">\n\t\t\t<h2 class=\"elementor-heading-title elementor-size-default\">Europa<\/h2>\t\t<\/div>\n\t\t\t\t<\/div>\n\t\t\t\t<div class=\"elementor-element elementor-element-1fccbd3 elementor-widget elementor-widget-text-editor\" data-id=\"1fccbd3\" data-element_type=\"widget\" data-widget_type=\"text-editor.default\">\n\t\t\t\t<div class=\"elementor-widget-container\">\n\t\t\t\t\t\t\t<p><span style=\"font-weight: 400;\">Fast Trade est\u00e1 presente en toda Europa, a trav\u00e9s de almacenes y centros log\u00edsticos:<\/span><\/p><ul><li style=\"font-weight: 400;\" aria-level=\"1\"><span style=\"font-weight: 400;\">Italia<\/span><\/li><li style=\"font-weight: 400;\" aria-level=\"1\"><span style=\"font-weight: 400;\">Francia<\/span><\/li><li style=\"font-weight: 400;\" aria-level=\"1\"><span style=\"font-weight: 400;\">Pen\u00ednsula Ib\u00e9rica<\/span><\/li><li style=\"font-weight: 400;\" aria-level=\"1\"><span style=\"font-weight: 400;\">Alemania<\/span><\/li><li style=\"font-weight: 400;\" aria-level=\"1\"><span style=\"font-weight: 400;\">Ruman\u00eda<\/span><\/li><\/ul><p><span style=\"font-weight: 400;\">Opera a trav\u00e9s de una red capilar extremadamente eficaz y r\u00e1pida, estrat\u00e9gicamente situada, gracias a la cual es capaz de ofrecer un verdadero servicio de venta, de servicio y de suministro.<\/span><\/p>\t\t\t\t\t\t<\/div>\n\t\t\t\t<\/div>\n\t\t\t\t<div class=\"elementor-element elementor-element-6b8e631 elementor-widget elementor-widget-leroux_core_button\" data-id=\"6b8e631\" data-element_type=\"widget\" data-widget_type=\"leroux_core_button.default\">\n\t\t\t\t<div class=\"elementor-widget-container\">\n\t\t\t<a class=\"qodef-shortcode qodef-m  qodef-button qodef-layout--filled   qodef-html--link\" href=\"https:\/\/fasttrade.cloud\/es\/europa\/\" target=\"_blank\"  style=\"background-color: #4397A5\">\n    <span class=\"qodef-m-text\">View More<\/span>\n    <span class=\"qodef-m-arrow\"><svg class=\"qodef-svg--button-arrow\" xmlns=\"http:\/\/www.w3.org\/2000\/svg\" width=\"10\" height=\"10\" viewbox=\"0 0 9.8 9.8\"><g><path d=\"m.4 9.4 9-9\"\/><path d=\"M.4.5h8.9\"\/><path d=\"M9.3 9.4V.5\"\/><\/g><g><path d=\"m.4 9.4 9-9\"\/><path d=\"M.4.5h8.9\"\/><path d=\"M9.3 9.4V.5\"\/><\/g><\/svg><\/span>\n<\/a>\n\t\t<\/div>\n\t\t\t\t<\/div>\n\t\t\t\t\t<\/div>\n\t\t<\/div>\n\t\t\t\t<div class=\"elementor-column elementor-col-50 elementor-top-column elementor-element elementor-element-f4ba13c\" data-id=\"f4ba13c\" data-element_type=\"column\">\n\t\t\t<div class=\"elementor-widget-wrap elementor-element-populated\">\n\t\t\t\t\t\t<div class=\"elementor-element elementor-element-99dacf0 elementor-widget elementor-widget-image\" data-id=\"99dacf0\" data-element_type=\"widget\" data-widget_type=\"image.default\">\n\t\t\t\t<div class=\"elementor-widget-container\">\n\t\t\t\t\t\t\t\t\t\t\t\t\t<img decoding=\"async\" width=\"1024\" height=\"850\" src=\"https:\/\/fasttrade.cloud\/wp-content\/uploads\/2025\/02\/FOTO-FRECCIA_europa-cla-2048x1699-1-1-1024x850.png\" class=\"attachment-large size-large wp-image-19824\" alt=\"\" srcset=\"https:\/\/fasttrade.cloud\/wp-content\/uploads\/2025\/02\/FOTO-FRECCIA_europa-cla-2048x1699-1-1-1024x850.png 1024w, https:\/\/fasttrade.cloud\/wp-content\/uploads\/2025\/02\/FOTO-FRECCIA_europa-cla-2048x1699-1-1-300x249.png 300w, https:\/\/fasttrade.cloud\/wp-content\/uploads\/2025\/02\/FOTO-FRECCIA_europa-cla-2048x1699-1-1-768x637.png 768w, https:\/\/fasttrade.cloud\/wp-content\/uploads\/2025\/02\/FOTO-FRECCIA_europa-cla-2048x1699-1-1-14x12.png 14w, https:\/\/fasttrade.cloud\/wp-content\/uploads\/2025\/02\/FOTO-FRECCIA_europa-cla-2048x1699-1-1-600x498.png 600w, https:\/\/fasttrade.cloud\/wp-content\/uploads\/2025\/02\/FOTO-FRECCIA_europa-cla-2048x1699-1-1.png 1493w\" sizes=\"(max-width: 1024px) 100vw, 1024px\" \/>\t\t\t\t\t\t\t\t\t\t\t\t\t<\/div>\n\t\t\t\t<\/div>\n\t\t\t\t\t<\/div>\n\t\t<\/div>\n\t\t\t\t\t<\/div>\n\t\t<\/section>\n\t\t\t\t<section class=\"elementor-section elementor-top-section elementor-element elementor-element-feb66e2 elementor-section-full_width elementor-section-content-middle elementor-section-stretched elementor-reverse-mobile elementor-reverse-tablet elementor-section-height-default elementor-section-height-default\" data-id=\"feb66e2\" data-element_type=\"section\" id=\"Middleeast\" data-settings=\"{&quot;background_background&quot;:&quot;classic&quot;,&quot;stretch_section&quot;:&quot;section-stretched&quot;}\">\n\t\t\t\t\t\t<div class=\"elementor-container elementor-column-gap-no\">\n\t\t\t\t\t<div class=\"elementor-column elementor-col-50 elementor-top-column elementor-element elementor-element-c3970d7\" data-id=\"c3970d7\" data-element_type=\"column\">\n\t\t\t<div class=\"elementor-widget-wrap elementor-element-populated\">\n\t\t\t\t\t\t<div class=\"elementor-element elementor-element-f8ea9cb elementor-widget elementor-widget-image\" data-id=\"f8ea9cb\" data-element_type=\"widget\" data-widget_type=\"image.default\">\n\t\t\t\t<div class=\"elementor-widget-container\">\n\t\t\t\t\t\t\t\t\t\t\t\t\t<img decoding=\"async\" width=\"1024\" height=\"882\" src=\"https:\/\/fasttrade.cloud\/wp-content\/uploads\/2025\/02\/emiates-1-2048x1763-1-1024x882.png\" class=\"attachment-large size-large wp-image-19828\" alt=\"\" srcset=\"https:\/\/fasttrade.cloud\/wp-content\/uploads\/2025\/02\/emiates-1-2048x1763-1-1024x882.png 1024w, https:\/\/fasttrade.cloud\/wp-content\/uploads\/2025\/02\/emiates-1-2048x1763-1-300x258.png 300w, https:\/\/fasttrade.cloud\/wp-content\/uploads\/2025\/02\/emiates-1-2048x1763-1-768x662.png 768w, https:\/\/fasttrade.cloud\/wp-content\/uploads\/2025\/02\/emiates-1-2048x1763-1-14x12.png 14w, https:\/\/fasttrade.cloud\/wp-content\/uploads\/2025\/02\/emiates-1-2048x1763-1-600x517.png 600w, https:\/\/fasttrade.cloud\/wp-content\/uploads\/2025\/02\/emiates-1-2048x1763-1.png 1493w\" sizes=\"(max-width: 1024px) 100vw, 1024px\" \/>\t\t\t\t\t\t\t\t\t\t\t\t\t<\/div>\n\t\t\t\t<\/div>\n\t\t\t\t\t<\/div>\n\t\t<\/div>\n\t\t\t\t<div class=\"elementor-column elementor-col-50 elementor-top-column elementor-element elementor-element-cdcdeef\" data-id=\"cdcdeef\" data-element_type=\"column\">\n\t\t\t<div class=\"elementor-widget-wrap elementor-element-populated\">\n\t\t\t\t\t\t<div class=\"elementor-element elementor-element-7179f0f elementor-widget elementor-widget-heading\" data-id=\"7179f0f\" data-element_type=\"widget\" data-widget_type=\"heading.default\">\n\t\t\t\t<div class=\"elementor-widget-container\">\n\t\t\t<h2 class=\"elementor-heading-title elementor-size-default\">Medio Oriente<\/h2>\t\t<\/div>\n\t\t\t\t<\/div>\n\t\t\t\t<div class=\"elementor-element elementor-element-8447f10 elementor-widget elementor-widget-text-editor\" data-id=\"8447f10\" data-element_type=\"widget\" data-widget_type=\"text-editor.default\">\n\t\t\t\t<div class=\"elementor-widget-container\">\n\t\t\t\t\t\t\t<p><span style=\"font-weight: 400;\">Fast Trade est\u00e1 presente con una sede en Dubai, un centro log\u00edstico, y una actividad de venta en los Emiratos \u00c1rabes Unidos y la regi\u00f3n del Gulf Cooperation Council (CCG), desde donde cubre toda la regi\u00f3n de Oriente Pr\u00f3ximo.<\/span><\/p><p class=\"translation-block\"><span style=\"font-weight: 400\">\nGracias a su colaboraci\u00f3n con <span style=\"color: #4397a5\"><a style=\"color: #4397a5\" href=\"https:\/\/sigmaoilfield.ae\/\" target=\"_blank\" rel=\"noopener\"><strong>SIGMA Enterprise LLC<\/strong><\/a><\/span>, una empresa especializada en la distribuci\u00f3n de productos industriales que pertenece a <a href=\"https:\/\/www.mazruiinternational.ae\/\" target=\"_blank\" rel=\"noopener\"><span style=\"color: #4397a5\"><strong>Mazrui International<\/strong><\/span><\/a>, un holding diversificado de capital privado que operan en numerosos sectores y activos,  Fast Trade puede ofrecer a estos mercados soluciones de torniller\u00eda y elementos de fijaci\u00f3n de alto valor a\u00f1adido.<\/span><\/p>\t\t\t\t\t\t<\/div>\n\t\t\t\t<\/div>\n\t\t\t\t<div class=\"elementor-element elementor-element-1e9a1cb elementor-widget elementor-widget-leroux_core_button\" data-id=\"1e9a1cb\" data-element_type=\"widget\" data-widget_type=\"leroux_core_button.default\">\n\t\t\t\t<div class=\"elementor-widget-container\">\n\t\t\t<a class=\"qodef-shortcode qodef-m  qodef-button qodef-layout--filled   qodef-html--link\" href=\"https:\/\/fasttrade.cloud\/es\/middle-east\/\" target=\"_blank\"  style=\"background-color: #4397A5\">\n    <span class=\"qodef-m-text\">View More<\/span>\n    <span class=\"qodef-m-arrow\"><svg class=\"qodef-svg--button-arrow\" xmlns=\"http:\/\/www.w3.org\/2000\/svg\" width=\"10\" height=\"10\" viewbox=\"0 0 9.8 9.8\"><g><path d=\"m.4 9.4 9-9\"\/><path d=\"M.4.5h8.9\"\/><path d=\"M9.3 9.4V.5\"\/><\/g><g><path d=\"m.4 9.4 9-9\"\/><path d=\"M.4.5h8.9\"\/><path d=\"M9.3 9.4V.5\"\/><\/g><\/svg><\/span>\n<\/a>\n\t\t<\/div>\n\t\t\t\t<\/div>\n\t\t\t\t\t<\/div>\n\t\t<\/div>\n\t\t\t\t\t<\/div>\n\t\t<\/section>\n\t\t\t\t<section class=\"elementor-section elementor-top-section elementor-element elementor-element-d822701 elementor-section-full_width elementor-section-content-middle elementor-section-stretched elementor-section-height-default elementor-section-height-default\" data-id=\"d822701\" data-element_type=\"section\" id=\"Africa\" data-settings=\"{&quot;background_background&quot;:&quot;classic&quot;,&quot;stretch_section&quot;:&quot;section-stretched&quot;}\">\n\t\t\t\t\t\t<div class=\"elementor-container elementor-column-gap-no\">\n\t\t\t\t\t<div class=\"elementor-column elementor-col-50 elementor-top-column elementor-element elementor-element-beea8d8\" data-id=\"beea8d8\" data-element_type=\"column\">\n\t\t\t<div class=\"elementor-widget-wrap elementor-element-populated\">\n\t\t\t\t\t\t<div class=\"elementor-element elementor-element-a950408 elementor-widget elementor-widget-heading\" data-id=\"a950408\" data-element_type=\"widget\" data-widget_type=\"heading.default\">\n\t\t\t\t<div class=\"elementor-widget-container\">\n\t\t\t<h2 class=\"elementor-heading-title elementor-size-default\">Africa<\/h2>\t\t<\/div>\n\t\t\t\t<\/div>\n\t\t\t\t<div class=\"elementor-element elementor-element-0e69ab4 elementor-widget elementor-widget-text-editor\" data-id=\"0e69ab4\" data-element_type=\"widget\" data-widget_type=\"text-editor.default\">\n\t\t\t\t<div class=\"elementor-widget-container\">\n\t\t\t\t\t\t\t<p><span style=\"font-weight: 400;\">Fast Trade est\u00e1 presente en Casablanca, Marruecos, con almacenes y servicios log\u00edsticos desde los que prepara y env\u00eda material para m\u00e1s de mil clientes activos en \u00c1frica.<\/span><\/p><p><span style=\"font-weight: 400;\">De hecho, la situaci\u00f3n de Marruecos es estrat\u00e9gica para cubrir todo el continente africano, lo que resulta muy interesante para la construcci\u00f3n de infraestructuras deportivas, viarias, ferroviarias y portuarias.<\/span><\/p><p><span style=\"font-weight: 400;\">Desde aqu\u00ed, Fast Trade tambi\u00e9n puede llegar r\u00e1pidamente al mercado m\u00e1s amplio del continente africano subsahariano, como Costa de Marfil, Senegal, Guinea, Ghana y Gambia.<\/span><\/p>\t\t\t\t\t\t<\/div>\n\t\t\t\t<\/div>\n\t\t\t\t<div class=\"elementor-element elementor-element-bac8800 elementor-widget elementor-widget-text-editor\" data-id=\"bac8800\" data-element_type=\"widget\" data-widget_type=\"text-editor.default\">\n\t\t\t\t<div class=\"elementor-widget-container\">\n\t\t\t\t\t\t\t<p><a class=\"qodef-shortcode qodef-m  qodef-button qodef-layout--filled   qodef-html--link\" href=\"https:\/\/fasttrade.cloud\/es\/africa\/\" target=\"_blank\"  >\n    <span class=\"qodef-m-text\">View More<\/span>\n    <span class=\"qodef-m-arrow\"><svg class=\"qodef-svg--button-arrow\" xmlns=\"http:\/\/www.w3.org\/2000\/svg\" width=\"10\" height=\"10\" viewbox=\"0 0 9.8 9.8\"><g><path d=\"m.4 9.4 9-9\"\/><path d=\"M.4.5h8.9\"\/><path d=\"M9.3 9.4V.5\"\/><\/g><g><path d=\"m.4 9.4 9-9\"\/><path d=\"M.4.5h8.9\"\/><path d=\"M9.3 9.4V.5\"\/><\/g><\/svg><\/span>\n<\/a>\n<\/p>\t\t\t\t\t\t<\/div>\n\t\t\t\t<\/div>\n\t\t\t\t\t<\/div>\n\t\t<\/div>\n\t\t\t\t<div class=\"elementor-column elementor-col-50 elementor-top-column elementor-element elementor-element-dcd7c49\" data-id=\"dcd7c49\" data-element_type=\"column\">\n\t\t\t<div class=\"elementor-widget-wrap elementor-element-populated\">\n\t\t\t\t\t\t<div class=\"elementor-element elementor-element-bd67d06 elementor-widget elementor-widget-image\" data-id=\"bd67d06\" data-element_type=\"widget\" data-widget_type=\"image.default\">\n\t\t\t\t<div class=\"elementor-widget-container\">\n\t\t\t\t\t\t\t\t\t\t\t\t\t<img loading=\"lazy\" decoding=\"async\" width=\"1024\" height=\"882\" src=\"https:\/\/fasttrade.cloud\/wp-content\/uploads\/2025\/02\/marocco-2-2048x1763-1-1024x882.png\" class=\"attachment-large size-large wp-image-19832\" alt=\"\" srcset=\"https:\/\/fasttrade.cloud\/wp-content\/uploads\/2025\/02\/marocco-2-2048x1763-1-1024x882.png 1024w, https:\/\/fasttrade.cloud\/wp-content\/uploads\/2025\/02\/marocco-2-2048x1763-1-300x258.png 300w, https:\/\/fasttrade.cloud\/wp-content\/uploads\/2025\/02\/marocco-2-2048x1763-1-768x662.png 768w, https:\/\/fasttrade.cloud\/wp-content\/uploads\/2025\/02\/marocco-2-2048x1763-1-14x12.png 14w, https:\/\/fasttrade.cloud\/wp-content\/uploads\/2025\/02\/marocco-2-2048x1763-1-600x517.png 600w, https:\/\/fasttrade.cloud\/wp-content\/uploads\/2025\/02\/marocco-2-2048x1763-1.png 1493w\" sizes=\"(max-width: 1024px) 100vw, 1024px\" \/>\t\t\t\t\t\t\t\t\t\t\t\t\t<\/div>\n\t\t\t\t<\/div>\n\t\t\t\t\t<\/div>\n\t\t<\/div>\n\t\t\t\t\t<\/div>\n\t\t<\/section>\n\t\t\t\t<section class=\"elementor-section elementor-top-section elementor-element elementor-element-0342cca elementor-section-full_width elementor-section-content-middle elementor-section-stretched elementor-reverse-mobile elementor-reverse-tablet elementor-section-height-default elementor-section-height-default\" data-id=\"0342cca\" data-element_type=\"section\" id=\"Fareast\" data-settings=\"{&quot;background_background&quot;:&quot;classic&quot;,&quot;stretch_section&quot;:&quot;section-stretched&quot;}\">\n\t\t\t\t\t\t<div class=\"elementor-container elementor-column-gap-no\">\n\t\t\t\t\t<div class=\"elementor-column elementor-col-50 elementor-top-column elementor-element elementor-element-790db77\" data-id=\"790db77\" data-element_type=\"column\">\n\t\t\t<div class=\"elementor-widget-wrap elementor-element-populated\">\n\t\t\t\t\t\t<div class=\"elementor-element elementor-element-f8689f0 elementor-widget elementor-widget-image\" data-id=\"f8689f0\" data-element_type=\"widget\" data-widget_type=\"image.default\">\n\t\t\t\t<div class=\"elementor-widget-container\">\n\t\t\t\t\t\t\t\t\t\t\t\t\t<img loading=\"lazy\" decoding=\"async\" width=\"1024\" height=\"882\" src=\"https:\/\/fasttrade.cloud\/wp-content\/uploads\/2025\/02\/cina-3-2048x1763-1-1024x882.png\" class=\"attachment-large size-large wp-image-19836\" alt=\"\" srcset=\"https:\/\/fasttrade.cloud\/wp-content\/uploads\/2025\/02\/cina-3-2048x1763-1-1024x882.png 1024w, https:\/\/fasttrade.cloud\/wp-content\/uploads\/2025\/02\/cina-3-2048x1763-1-300x258.png 300w, https:\/\/fasttrade.cloud\/wp-content\/uploads\/2025\/02\/cina-3-2048x1763-1-768x662.png 768w, https:\/\/fasttrade.cloud\/wp-content\/uploads\/2025\/02\/cina-3-2048x1763-1-14x12.png 14w, https:\/\/fasttrade.cloud\/wp-content\/uploads\/2025\/02\/cina-3-2048x1763-1-600x517.png 600w, https:\/\/fasttrade.cloud\/wp-content\/uploads\/2025\/02\/cina-3-2048x1763-1.png 1493w\" sizes=\"(max-width: 1024px) 100vw, 1024px\" \/>\t\t\t\t\t\t\t\t\t\t\t\t\t<\/div>\n\t\t\t\t<\/div>\n\t\t\t\t\t<\/div>\n\t\t<\/div>\n\t\t\t\t<div class=\"elementor-column elementor-col-50 elementor-top-column elementor-element elementor-element-8937cc1\" data-id=\"8937cc1\" data-element_type=\"column\">\n\t\t\t<div class=\"elementor-widget-wrap elementor-element-populated\">\n\t\t\t\t\t\t<div class=\"elementor-element elementor-element-42dfa4b elementor-widget elementor-widget-heading\" data-id=\"42dfa4b\" data-element_type=\"widget\" data-widget_type=\"heading.default\">\n\t\t\t\t<div class=\"elementor-widget-container\">\n\t\t\t<h2 class=\"elementor-heading-title elementor-size-default\">Extremo Oriente<\/h2>\t\t<\/div>\n\t\t\t\t<\/div>\n\t\t\t\t<div class=\"elementor-element elementor-element-2cedd9b elementor-widget elementor-widget-text-editor\" data-id=\"2cedd9b\" data-element_type=\"widget\" data-widget_type=\"text-editor.default\">\n\t\t\t\t<div class=\"elementor-widget-container\">\n\t\t\t\t\t\t\t<p><span style=\"font-weight: 400;\">Fast Trade opera en todo Extremo Oriente, con una oficina de compras situada en Shanghai (China).<\/span><\/p><p><span style=\"font-weight: 400;\">Con un equipo de personal altamente cualificado y experimentado, lleva a cabo la b\u00fasqueda de los mejores proveedores, visitas e inspecciones, y log\u00edstica  para determinados clientes.<\/span><\/p><p><span style=\"font-weight: 400;\">Se encarga, tambi\u00e9n, de las certificaciones necesarias de los productos antes de su env\u00edo.<\/span><\/p>\t\t\t\t\t\t<\/div>\n\t\t\t\t<\/div>\n\t\t\t\t\t<\/div>\n\t\t<\/div>\n\t\t\t\t\t<\/div>\n\t\t<\/section>\n\t\t\t\t<\/div>","protected":false},"excerpt":{"rendered":"<p>\u00a0Attraverso sedi logistiche strategicamente distribuite, Fast Trade ha costruito un sistema di vendita e distribuzione che copre tutto il territorio europeo, l\u2019area UAE, l\u2019Africa e il Far East. Un modello grazie al quale Fast Trade garantisce competitivit\u00e0 e un perfetto time to market. Europa Fast Trade copre in modo capillare tutto il territorio europeo, attraverso [&hellip;]<\/p>","protected":false},"author":1,"featured_media":11024,"parent":0,"menu_order":0,"comment_status":"closed","ping_status":"closed","template":"","meta":{"footnotes":""},"class_list":["post-12214","page","type-page","status-publish","has-post-thumbnail","hentry"],"_links":{"self":[{"href":"https:\/\/fasttrade.cloud\/es\/wp-json\/wp\/v2\/pages\/12214","targetHints":{"allow":["GET"]}}],"collection":[{"href":"https:\/\/fasttrade.cloud\/es\/wp-json\/wp\/v2\/pages"}],"about":[{"href":"https:\/\/fasttrade.cloud\/es\/wp-json\/wp\/v2\/types\/page"}],"author":[{"embeddable":true,"href":"https:\/\/fasttrade.cloud\/es\/wp-json\/wp\/v2\/users\/1"}],"replies":[{"embeddable":true,"href":"https:\/\/fasttrade.cloud\/es\/wp-json\/wp\/v2\/comments?post=12214"}],"version-history":[{"count":292,"href":"https:\/\/fasttrade.cloud\/es\/wp-json\/wp\/v2\/pages\/12214\/revisions"}],"predecessor-version":[{"id":19965,"href":"https:\/\/fasttrade.cloud\/es\/wp-json\/wp\/v2\/pages\/12214\/revisions\/19965"}],"wp:featuredmedia":[{"embeddable":true,"href":"https:\/\/fasttrade.cloud\/es\/wp-json\/wp\/v2\/media\/11024"}],"wp:attachment":[{"href":"https:\/\/fasttrade.cloud\/es\/wp-json\/wp\/v2\/media?parent=12214"}],"curies":[{"name":"wp","href":"https:\/\/api.w.org\/{rel}","templated":true}]}}