{"id":11061,"date":"2023-01-16T15:05:35","date_gmt":"2023-01-16T15:05:35","guid":{"rendered":"https:\/\/leroux.qodeinteractive.com\/?page_id=3"},"modified":"2024-11-13T14:40:01","modified_gmt":"2024-11-13T14:40:01","slug":"privacy-policy","status":"publish","type":"page","link":"https:\/\/fasttrade.cloud\/en\/privacy-policy\/","title":{"rendered":"Privacy Policy"},"content":{"rendered":"<div data-elementor-type=\"wp-page\" data-elementor-id=\"11061\" class=\"elementor elementor-11061\">\n\t\t\t\t\t\t<section class=\"elementor-section elementor-top-section elementor-element elementor-element-25434705 elementor-section-full_width elementor-section-height-default elementor-section-height-default\" data-id=\"25434705\" data-element_type=\"section\">\n\t\t\t\t\t\t<div class=\"elementor-container elementor-column-gap-default\">\n\t\t\t\t\t<div class=\"elementor-column elementor-col-100 elementor-top-column elementor-element elementor-element-5aa2d5b3\" data-id=\"5aa2d5b3\" data-element_type=\"column\">\n\t\t\t<div class=\"elementor-widget-wrap elementor-element-populated\">\n\t\t\t\t\t\t<div class=\"elementor-element elementor-element-4bb4e95 elementor-widget elementor-widget-text-editor\" data-id=\"4bb4e95\" data-element_type=\"widget\" data-widget_type=\"text-editor.default\">\n\t\t\t\t<div class=\"elementor-widget-container\">\n\t\t\t\t\t\t\t<!-- wp:heading -->\n<h2>Privacy policy<\/h2>\n<p>Fontana Finanziaria SpA con sede in Veduggio Con Colzano (MB), Via Fontana, 9, desidera informarLa che il Regolamento Europeo n. 679 del 27 aprile 2016 sul trattamento dei dati personali prevede la tutela delle persone fisiche con riguardo al trattamento dei dati personali.<\/p>\n<p>Ai sensi dell\u2019articolo 13 del REG. UE 2016\/679, La invitiamo, pertanto, a prendere atto della seguente informativa.<\/p>\n<!-- \/wp:paragraph --><!-- wp:heading -->\n<h3 class=\"wp-block-heading\">1. Estremi identificativi del Titolare<\/h3>\n<!-- \/wp:heading --><!-- wp:paragraph -->\n<p>Il Titolare del trattamento \u00e8 l\u2019Impresa Fontana Finanziaria SpA con sede in Veduggio Con Colzano (MB), Via Fontana, N 9 P.I. 05961200150, indirizzo di posta elettronica fontanafinanziaria@legalmail.it.<\/p>\n<!-- \/wp:paragraph --><!-- wp:heading -->\n<h3 class=\"wp-block-heading\">2. Finalit\u00e0 del trattamento<\/h3>\n<!-- \/wp:heading --><!-- wp:paragraph -->\n<p>Il trattamento dei dati personali forniti \u00e8 finalizzato unicamente a:<\/p>\n<p>a) esecuzione del contratto;<\/p>\n<p>b) adempimento di obblighi previsti da leggi connessi al rapporto contrattuale;<\/p>\n<p>c) gestione del contratto, ad esempio rapporti con agenti, rappresentanti, committenti e\/o appaltatori;<\/p>\n<p>d) eventuali collaborazioni professionali esterne per l\u2019adempimento degli obblighi di legge;<\/p>\n<p>e) tutela dei diritti contrattuali;<\/p>\n<p>f) analisi statistiche interne;<\/p>\n<p>La base giuridica del trattamento \u00e8 la sua volont\u00e0 di perfezionare il contratto, nonch\u00e9 l\u2019esplicito consenso. Il trattamento \u00e8 necessario anche per il perseguimento del legittimo interesse del Titolare del trattamento di rispettare le obbligazioni contrattuali sottoscritte tra le parti.<\/p>\n<p>Il mancato conferimento per la presente finalit\u00e0 ha come conseguenza l\u2019impossibilit\u00e0 di ottemperare correttamente agli obblighi tipici dei contratti.<\/p>\n<p>Per le finalit\u00e0 di marketing la base giuridica del trattamento si identifica nel conferimento, da parte sua, del consenso esplicito al trattamento dei dati personali.<\/p>\n<!-- \/wp:paragraph --><!-- wp:heading -->\n<h3 class=\"wp-block-heading\">3. Modalit\u00e0 del trattamento<\/h3>\n<!-- \/wp:heading --><!-- wp:paragraph -->\n<p>I dati personali verranno trattati in forma cartacea, informatizzata e telematica ed inseriti nelle pertinenti banche dati cui potranno accedere gli incaricati al trattamento dei dati.<\/p>\n<p>Il trattamento potr\u00e0 anche essere effettuato da terzi che forniscono specifici servizi elaborativi, amministrativi o strumentali necessari per il raggiungimento delle finalit\u00e0 di cui sopra.<\/p>\n<p>Tutte le operazioni di trattamento dei dati sono attuate in modo da garantire l\u2019integrit\u00e0, la riservatezza e la disponibilit\u00e0 dei dati personali.<\/p>\n<!-- \/wp:paragraph --><!-- wp:heading -->\n<h3>4. Periodo di conservazione dei dati<\/h3>\n<!-- \/wp:heading --><!-- wp:paragraph -->\n<p>I dati forniti verranno conservati per tutta la durata del rapporto contrattuale, ed in seguito per un periodo di dieci anni (termine oltre il quale saranno prescritti i diritti sorti dal contratto).<\/p>\n<!-- \/wp:paragraph --><!-- wp:heading -->\n<h3 class=\"wp-block-heading\">5. Ambito di comunicazione e diffusione dei dati<\/h3>\n<!-- \/wp:heading --><!-- wp:paragraph -->\n<p>In relazione alle finalit\u00e0 indicate al punto 2 i dati potranno essere comunicati ai seguenti soggetti:<\/p>\n<p>\u25cf ai nostri collaboratori, dipendenti, nell\u2019ambito delle relative mansioni incaricati di trattare i dati;<\/p>\n<p>\u25cf istituti bancari per la gestione di incassi e pagamenti;<\/p>\n<p>\u25cf amministrazioni finanziarie o istituti pubblici in adempimento di obblighi normativi;<\/p>\n<p>\u25cf societ\u00e0 e studi legali per la tutela dei diritti contrattuali;<\/p>\n<p>\u25cf agenti, rappresentanti;<\/p>\n<p>\u25cf committente e\/o appaltatore nell\u2019ambito del contratto di appalto\/subappalto<\/p>\n<p>\u25cf Enti Interni od Esterni, anche privati, addetti alle Verifiche Ispettive di varia natura;<\/p>\n<p>\u25cf Consulenti Esterni preventivamente incaricati;<\/p>\n<p>\u25cf broker assicurativi e imprese di assicurazione;<\/p>\n<p>\u25cf altre societ\u00e0 del Gruppo Fontana<\/p>\n<!-- \/wp:paragraph --><!-- wp:heading -->\n<h3 class=\"wp-block-heading\">6. Diritti di cui agli artt. 15, 16, 17 18, 20, 21 e 22 del REG. UE 2016\/679<\/h3>\n<!-- \/wp:heading --><!-- wp:paragraph -->\n<p>La informiamo che in qualit\u00e0 di interessato, oltre il diritto di proporre reclamo a all\u2019Autorit\u00e0 di controllo, ha anche i diritti qui sotto elencati, che potr\u00e0 far valere rivolgendo apposita richiesta al Titolare del trattamento, come indicati al punto 1, oltre alla facolt\u00e0 di revocare per iscritto il consenso al trattamento dei dati personali ai sensi dell\u2019art. 7 del Regolamento.<\/p>\n<p><u>Art. 15 \u2013 Diritto di accesso<\/u><\/p>\n<p>L\u2019interessato ha il diritto di ottenere dal titolare del trattamento la conferma che sia o meno in corso un trattamento di dati personali che lo riguardano e in tal caso, di ottenere l\u2019accesso ai dati personali e alle informazioni riguardanti il trattamento.<\/p>\n<p><u>Art. 16 \u2013 Diritto di rettifica<\/u><\/p>\n<p>L\u2019interessato ha il diritto di ottenere dal titolare del trattamento la rettifica dei dati personali inesatti che lo riguardano senza ingiustificato ritardo. Tenuto conto delle finalit\u00e0 del trattamento, l\u2019interessato ha il diritto di ottenere l\u2019integrazione dei dati personali incompleti, anche fornendo una dichiarazione integrativa.<\/p>\n<p><u>Art. 17 \u2013 Diritto alla cancellazione (diritto all\u2019oblio)<\/u><\/p>\n<p>L\u2019interessato ha il diritto di ottenere dal titolare del trattamento la cancellazione dei dati personali che lo riguardano senza ingiustificato ritardo e il titolare del trattamento ha l\u2019obbligo di cancellare senza ingiustificato ritardo i dati personali, secondo quanto previsto dal Regolamento.<\/p>\n<p><u>Art. 18 \u2013 Diritto di limitazione del trattamento<\/u><\/p>\n<p>L\u2019interessato ha il diritto di ottenere dal titolare del trattamento la limitazione del trattamento quando ricorre una delle seguenti ipotesi:<\/p>\n<p>A. l\u2019interessato contesta l\u2019esattezza dei dati personali, per il periodo necessario al titolare del trattamento per verificare l\u2019esattezza di tali dati personali;<\/p>\n<p>B. il trattamento \u00e8 illecito e l\u2019interessato si oppone alla cancellazione dei dati personali e chiede invece che ne sia limitato l\u2019utilizzo;<\/p>\n<p>C. bench\u00e9 il titolare del trattamento non ne abbia pi\u00f9 bisogno ai fini del trattamento, i dati personali sono necessari all\u2019interessato per l\u2019accertamento, l\u2019esercizio o la difesa di un diritto in sede giudiziaria;<\/p>\n<p>D. l\u2019interessato si \u00e8 opposto al trattamento ai sensi dell\u2019articolo 21, paragrafo 1, in attesa della verifica in merito all\u2019eventuale prevalenza dei motivi legittimi del titolare del trattamento rispetto a quelli dell\u2019interessato.<\/p>\n<p><u>Art. 20 \u2013 Diritto alla portabilit\u00e0 dei dati<\/u><\/p>\n<p>L\u2019interessato ha il diritto di ricevere in un formato strutturato, di uso comune e leggibile da dispositivo automatico i dati personali che lo riguardano forniti a un titolare del trattamento e ha il diritto di trasmettere tali dati a un altro titolare del trattamento senza impedimenti da parte del titolare del trattamento cui li ha forniti.<\/p>\n<p>Nell\u2019esercitare i propri diritti relativamente alla portabilit\u00e0 dei dati a norma del paragrafo 1, l\u2019interessato ha il diritto di ottenere la trasmissione diretta dei dati personali da un titolare del trattamento all\u2019altro, se tecnicamente fattibile.<\/p>\n<p><u>Art. 21 \u2013 Diritto di opposizione<\/u><\/p>\n<p>L\u2019interessato ha il diritto di opporsi in qualsiasi momento, per motivi connessi alla sua situazione particolare, al trattamento dei dati personali che lo riguardano ai sensi dell\u2019articolo 6, paragrafo 1, lettere e) o f), compresa la profilazione sulla base di tali disposizioni.<\/p>\n<p><u>Art. 22 \u2013 Diritto di non essere sottoposto a processo decisionale automatizzato, compresa la profilazione<\/u><\/p>\n<p>L\u2019interessato ha il diritto di non essere sottoposto a una decisione basata unicamente sul trattamento automatizzato, compresa la profilazione, che produca effetti giuridici che lo riguardano o che incida in modo analogo significativamente sulla sua persona.<\/p>\n<p>Il Titolare del Trattamento<\/p>\n<p><strong>Fontana Finanziaria SpA<\/strong><\/p>\n<!-- \/wp:paragraph --><!-- wp:heading --><!-- \/wp:paragraph -->\t\t\t\t\t\t<\/div>\n\t\t\t\t<\/div>\n\t\t\t\t\t<\/div>\n\t\t<\/div>\n\t\t\t\t\t<\/div>\n\t\t<\/section>\n\t\t\t\t<\/div>","protected":false},"excerpt":{"rendered":"<p>Privacy policy Fontana Finanziaria SpA con sede in Veduggio Con Colzano (MB), Via Fontana, 9, desidera informarLa che il Regolamento Europeo n. 679 del 27 aprile 2016 sul trattamento dei dati personali prevede la tutela delle persone fisiche con riguardo al trattamento dei dati personali. Ai sensi dell\u2019articolo 13 del REG. UE 2016\/679, La invitiamo, [&hellip;]<\/p>","protected":false},"author":1,"featured_media":0,"parent":0,"menu_order":0,"comment_status":"closed","ping_status":"closed","template":"","meta":{"footnotes":""},"class_list":["post-11061","page","type-page","status-publish","hentry"],"_links":{"self":[{"href":"https:\/\/fasttrade.cloud\/en\/wp-json\/wp\/v2\/pages\/11061","targetHints":{"allow":["GET"]}}],"collection":[{"href":"https:\/\/fasttrade.cloud\/en\/wp-json\/wp\/v2\/pages"}],"about":[{"href":"https:\/\/fasttrade.cloud\/en\/wp-json\/wp\/v2\/types\/page"}],"author":[{"embeddable":true,"href":"https:\/\/fasttrade.cloud\/en\/wp-json\/wp\/v2\/users\/1"}],"replies":[{"embeddable":true,"href":"https:\/\/fasttrade.cloud\/en\/wp-json\/wp\/v2\/comments?post=11061"}],"version-history":[{"count":16,"href":"https:\/\/fasttrade.cloud\/en\/wp-json\/wp\/v2\/pages\/11061\/revisions"}],"predecessor-version":[{"id":13674,"href":"https:\/\/fasttrade.cloud\/en\/wp-json\/wp\/v2\/pages\/11061\/revisions\/13674"}],"wp:attachment":[{"href":"https:\/\/fasttrade.cloud\/en\/wp-json\/wp\/v2\/media?parent=11061"}],"curies":[{"name":"wp","href":"https:\/\/api.w.org\/{rel}","templated":true}]}}